{"id":844,"date":"2023-10-24T13:49:38","date_gmt":"2023-10-24T11:49:38","guid":{"rendered":"https:\/\/hearclearsa.co.za\/?page_id=844"},"modified":"2024-04-03T13:48:02","modified_gmt":"2024-04-03T11:48:02","slug":"meet-our-audiologists","status":"publish","type":"page","link":"https:\/\/hearclearsa.co.za\/af\/meet-our-audiologists\/","title":{"rendered":"Ontmoet ons Oudiolo\u00eb"},"content":{"rendered":"<div data-elementor-type=\"wp-page\" data-elementor-id=\"844\" class=\"elementor elementor-844\" data-elementor-post-type=\"page\">\n\t\t\t\t\t\t<section class=\"elementor-section elementor-top-section elementor-element elementor-element-7f61dbc elementor-section-height-min-height elementor-section-items-bottom elementor-hidden-mobile elementor-section-boxed elementor-section-height-default\" data-id=\"7f61dbc\" data-element_type=\"section\" data-settings=\"{&quot;background_background&quot;:&quot;classic&quot;,&quot;_ha_eqh_enable&quot;:false}\">\n\t\t\t\t\t\t\t<div class=\"elementor-background-overlay\"><\/div>\n\t\t\t\t\t\t\t<div class=\"elementor-container elementor-column-gap-default\">\n\t\t\t\t\t<div class=\"elementor-column elementor-col-100 elementor-top-column elementor-element elementor-element-532553a\" data-id=\"532553a\" data-element_type=\"column\" data-settings=\"{&quot;background_background&quot;:&quot;classic&quot;}\">\n\t\t\t<div class=\"elementor-widget-wrap\">\n\t\t\t\t\t\t\t<\/div>\n\t\t<\/div>\n\t\t\t\t\t<\/div>\n\t\t<\/section>\n\t\t\t\t<section class=\"elementor-section elementor-top-section elementor-element elementor-element-db4efb3 elementor-section-boxed elementor-section-height-default elementor-section-height-default\" data-id=\"db4efb3\" data-element_type=\"section\" data-settings=\"{&quot;_ha_eqh_enable&quot;:false}\">\n\t\t\t\t\t\t<div class=\"elementor-container elementor-column-gap-default\">\n\t\t\t\t\t<div class=\"elementor-column elementor-col-100 elementor-top-column elementor-element elementor-element-c0cf7c1\" data-id=\"c0cf7c1\" data-element_type=\"column\">\n\t\t\t<div class=\"elementor-widget-wrap elementor-element-populated\">\n\t\t\t\t\t\t<div class=\"elementor-element elementor-element-8fbcbb2 elementor-widget elementor-widget-heading\" data-id=\"8fbcbb2\" data-element_type=\"widget\" data-widget_type=\"heading.default\">\n\t\t\t\t<div class=\"elementor-widget-container\">\n\t\t\t<h2 class=\"elementor-heading-title elementor-size-default\">Ontmoet ons Oudiolo\u00eb\n\n<\/h2>\t\t<\/div>\n\t\t\t\t<\/div>\n\t\t\t\t<div class=\"elementor-element elementor-element-9b5083a elementor-widget elementor-widget-text-editor\" data-id=\"9b5083a\" data-element_type=\"widget\" data-widget_type=\"text-editor.default\">\n\t\t\t\t<div class=\"elementor-widget-container\">\n\t\t\t\t\t\t\t<p>Welkom by Hear Clear SA Oudioloog, waar ons toegewyd is aan die verskaffing van uitsonderlike gehoorsorg om jou lewenskwaliteit te verbeter. Ons span ervare oudiolo\u00eb is daartoe verbind om jou te help om die beste moontlike gehoorgesondheid te bereik.<\/p>\t\t\t\t\t\t<\/div>\n\t\t\t\t<\/div>\n\t\t\t\t<section class=\"elementor-section elementor-inner-section elementor-element elementor-element-24136d9 elementor-section-boxed elementor-section-height-default elementor-section-height-default\" data-id=\"24136d9\" data-element_type=\"section\" data-settings=\"{&quot;_ha_eqh_enable&quot;:false}\">\n\t\t\t\t\t\t<div class=\"elementor-container elementor-column-gap-default\">\n\t\t\t\t\t<div class=\"elementor-column elementor-col-50 elementor-inner-column elementor-element elementor-element-b680ffd\" data-id=\"b680ffd\" data-element_type=\"column\" data-settings=\"{&quot;background_background&quot;:&quot;classic&quot;}\">\n\t\t\t<div class=\"elementor-widget-wrap elementor-element-populated\">\n\t\t\t\t\t\t<div class=\"elementor-element elementor-element-46a25a7 elementor-widget elementor-widget-ha-member happy-addon ha-member\" data-id=\"46a25a7\" data-element_type=\"widget\" data-widget_type=\"ha-member.default\">\n\t\t\t\t<div class=\"elementor-widget-container\">\n\t\t\t\n\t\t\t\t\t<figure class=\"ha-member-figure\">\n\t\t\t\t<img fetchpriority=\"high\" decoding=\"async\" width=\"250\" height=\"250\" src=\"https:\/\/hearclearsa.co.za\/wp-content\/uploads\/2023\/11\/2-2.png\" class=\"elementor-animation-disable-animation attachment-large size-large wp-image-972\" alt=\"\" srcset=\"https:\/\/hearclearsa.co.za\/wp-content\/uploads\/2023\/11\/2-2.png 250w, https:\/\/hearclearsa.co.za\/wp-content\/uploads\/2023\/11\/2-2-150x150.png 150w, https:\/\/hearclearsa.co.za\/wp-content\/uploads\/2023\/11\/2-2-12x12.png 12w\" sizes=\"(max-width: 250px) 100vw, 250px\" \/>\t\t\t<\/figure>\n\t\t\n\t\t<div class=\"ha-member-body\">\n\t\t\t<h2 class=\"ha-member-name\">Ms. Lisa Brown<\/h2>\n\t\t\t\t\t\t\t<div class=\"ha-member-position\">M.AUD UP \u2013 Menlyn Practice<\/div>\n\t\t\t\n\t\t\t\t\t\t\t<div class=\"ha-member-bio\">\n\t\t\t\t\t<p>As 'n toegewyde lid van ons span, bring Lisa haar kundigheid en empatie na ons praktyk. Haar uitgebreide kennis van die nuutste gehoorapparaattegnologie en vestibul\u00eare assesseringstegnieke verseker dat elke pasi\u00ebnt die beste moontlike sorg ontvang. Sy is daartoe verbind om individue met gehoorverlies te bemagtig om weer met die w\u00eareld om hulle te verbind.<br>\n<br>\n<br>\n\n\n<\/p>\n\t\t\t\t<\/div>\n\t\t\t\n\t\t\t\n\t\t\t\n\t\t\t\t\t<\/div>\n\t\t\t\t<\/div>\n\t\t\t\t<\/div>\n\t\t\t\t\t<\/div>\n\t\t<\/div>\n\t\t\t\t<div class=\"elementor-column elementor-col-50 elementor-inner-column elementor-element elementor-element-f44ffc7\" data-id=\"f44ffc7\" data-element_type=\"column\" data-settings=\"{&quot;background_background&quot;:&quot;classic&quot;}\">\n\t\t\t<div class=\"elementor-widget-wrap elementor-element-populated\">\n\t\t\t\t\t\t<div class=\"elementor-element elementor-element-02f28df elementor-widget elementor-widget-ha-member happy-addon ha-member\" data-id=\"02f28df\" data-element_type=\"widget\" data-widget_type=\"ha-member.default\">\n\t\t\t\t<div class=\"elementor-widget-container\">\n\t\t\t\n\t\t\t\t\t<figure class=\"ha-member-figure\">\n\t\t\t\t<img decoding=\"async\" width=\"250\" height=\"250\" src=\"https:\/\/hearclearsa.co.za\/wp-content\/uploads\/2023\/11\/1-1.png\" class=\"elementor-animation-disable-animation attachment-large size-large wp-image-970\" alt=\"\" srcset=\"https:\/\/hearclearsa.co.za\/wp-content\/uploads\/2023\/11\/1-1.png 250w, https:\/\/hearclearsa.co.za\/wp-content\/uploads\/2023\/11\/1-1-150x150.png 150w, https:\/\/hearclearsa.co.za\/wp-content\/uploads\/2023\/11\/1-1-12x12.png 12w\" sizes=\"(max-width: 250px) 100vw, 250px\" \/>\t\t\t<\/figure>\n\t\t\n\t\t<div class=\"ha-member-body\">\n\t\t\t<h2 class=\"ha-member-name\">Dr. Alida Naud\u00e9 <\/h2>\n\t\t\t\t\t\t\t<div class=\"ha-member-position\">PhD.AAC UP<\/div>\n\t\t\t\n\t\t\t\t\t\t\t<div class=\"ha-member-bio\">\n\t\t\t\t\t<p>Alida het meer as 20 jaar ondervinding in die veld en is steeds aktief betrokke by navorsing op die gebied van Oudiologie. Met 'n diep verbintenis tot pasi\u00ebntsorg, het sy talle individue met gehoor- en balansprobleme gehelp om hul algehele welstand te verbeter. Sy is nie net 'n spesialis in die assessering en bestuur van gehoor- en balansafwykings nie, maar ook 'n deernisvolle professionele persoon wat die tyd neem om die unieke behoeftes van elke pasi\u00ebnt te verstaan.<\/p>\n\t\t\t\t<\/div>\n\t\t\t\n\t\t\t\n\t\t\t\n\t\t\t\t\t<\/div>\n\t\t\t\t<\/div>\n\t\t\t\t<\/div>\n\t\t\t\t\t<\/div>\n\t\t<\/div>\n\t\t\t\t\t<\/div>\n\t\t<\/section>\n\t\t\t\t\t<\/div>\n\t\t<\/div>\n\t\t\t\t\t<\/div>\n\t\t<\/section>\n\t\t\t\t<\/div>","protected":false},"excerpt":{"rendered":"<p>Meet Our Audiologists Welcome to Hear Clear SA Audiologist, where we are dedicated to providing exceptional hearing care to improve your quality of life. Our team of experienced audiologists is committed to helping you achieve the best possible hearing health. Ms. Lisa Brown M.AUD UP \u2013 Menlyn Practice As a dedicated member of our team, [&hellip;]<\/p>","protected":false},"author":1,"featured_media":0,"parent":0,"menu_order":0,"comment_status":"closed","ping_status":"closed","template":"elementor_theme","meta":{"footnotes":""},"class_list":["post-844","page","type-page","status-publish","hentry"],"_links":{"self":[{"href":"https:\/\/hearclearsa.co.za\/af\/wp-json\/wp\/v2\/pages\/844","targetHints":{"allow":["GET"]}}],"collection":[{"href":"https:\/\/hearclearsa.co.za\/af\/wp-json\/wp\/v2\/pages"}],"about":[{"href":"https:\/\/hearclearsa.co.za\/af\/wp-json\/wp\/v2\/types\/page"}],"author":[{"embeddable":true,"href":"https:\/\/hearclearsa.co.za\/af\/wp-json\/wp\/v2\/users\/1"}],"replies":[{"embeddable":true,"href":"https:\/\/hearclearsa.co.za\/af\/wp-json\/wp\/v2\/comments?post=844"}],"version-history":[{"count":0,"href":"https:\/\/hearclearsa.co.za\/af\/wp-json\/wp\/v2\/pages\/844\/revisions"}],"wp:attachment":[{"href":"https:\/\/hearclearsa.co.za\/af\/wp-json\/wp\/v2\/media?parent=844"}],"curies":[{"name":"wp","href":"https:\/\/api.w.org\/{rel}","templated":true}]}}